{"id":96,"date":"2019-11-10T07:31:53","date_gmt":"2019-11-10T07:31:53","guid":{"rendered":"https:\/\/lorenaoyarzun.cl\/index.php\/home\/"},"modified":"2025-08-11T00:53:31","modified_gmt":"2025-08-11T00:53:31","slug":"home","status":"publish","type":"page","link":"https:\/\/lorenaoyarzun.cl\/","title":{"rendered":""},"content":{"rendered":"\t\t<div data-elementor-type=\"wp-page\" data-elementor-id=\"96\" class=\"elementor elementor-96\">\n\t\t\t\t<div class=\"elementor-element elementor-element-1914528 e-flex e-con-boxed e-con e-parent\" data-id=\"1914528\" data-element_type=\"container\">\n\t\t\t\t\t<div class=\"e-con-inner\">\n\t\t<div class=\"elementor-element elementor-element-362cb69 e-con-full e-flex e-con e-child\" data-id=\"362cb69\" data-element_type=\"container\">\n\t\t<div class=\"elementor-element elementor-element-56858bf e-con-full e-flex e-con e-child\" data-id=\"56858bf\" data-element_type=\"container\">\n\t\t\t\t<div class=\"elementor-element elementor-element-f5b07a3 elementor-widget elementor-widget-text-editor\" data-id=\"f5b07a3\" data-element_type=\"widget\" data-widget_type=\"text-editor.default\">\n\t\t\t\t<div class=\"elementor-widget-container\">\n\t\t\t\t\t\t\t\t\t<blockquote><p>No se trata de grandes creaciones, ni de trazos impecables: mis dibujos son trazos torpes, manchas, colores fuera de lugar&#8230;\u00a0 un refugio en lo mal hecho.<\/p><\/blockquote>\t\t\t\t\t\t\t\t<\/div>\n\t\t\t\t<\/div>\n\t\t\t\t<\/div>\n\t\t\t\t<\/div>\n\t\t<div class=\"elementor-element elementor-element-8516eba e-con-full e-flex e-con e-child\" data-id=\"8516eba\" data-element_type=\"container\">\n\t\t\t\t<div class=\"elementor-element elementor-element-3ba0c97 elementor-widget elementor-widget-image\" data-id=\"3ba0c97\" data-element_type=\"widget\" data-widget_type=\"image.default\">\n\t\t\t\t<div class=\"elementor-widget-container\">\n\t\t\t\t\t\t\t\t\t\t\t\t\t\t\t<img fetchpriority=\"high\" decoding=\"async\" width=\"655\" height=\"654\" src=\"https:\/\/lorenaoyarzun.cl\/wp-content\/uploads\/2025\/08\/foto-Lorena-Oyarzun-Pineda_Mesa-de-trabajo-1.png\" class=\"attachment-1536x1536 size-1536x1536 wp-image-312\" alt=\"\" srcset=\"https:\/\/lorenaoyarzun.cl\/wp-content\/uploads\/2025\/08\/foto-Lorena-Oyarzun-Pineda_Mesa-de-trabajo-1.png 655w, https:\/\/lorenaoyarzun.cl\/wp-content\/uploads\/2025\/08\/foto-Lorena-Oyarzun-Pineda_Mesa-de-trabajo-1-300x300.png 300w, https:\/\/lorenaoyarzun.cl\/wp-content\/uploads\/2025\/08\/foto-Lorena-Oyarzun-Pineda_Mesa-de-trabajo-1-150x150.png 150w, https:\/\/lorenaoyarzun.cl\/wp-content\/uploads\/2025\/08\/foto-Lorena-Oyarzun-Pineda_Mesa-de-trabajo-1-200x200.png 200w, https:\/\/lorenaoyarzun.cl\/wp-content\/uploads\/2025\/08\/foto-Lorena-Oyarzun-Pineda_Mesa-de-trabajo-1-420x419.png 420w\" sizes=\"(max-width: 655px) 100vw, 655px\" \/>\t\t\t\t\t\t\t\t\t\t\t\t\t\t\t<\/div>\n\t\t\t\t<\/div>\n\t\t\t\t<\/div>\n\t\t\t\t\t<\/div>\n\t\t\t\t<\/div>\n\t\t<div class=\"elementor-element elementor-element-4144d48 e-flex e-con-boxed e-con e-parent\" data-id=\"4144d48\" data-element_type=\"container\">\n\t\t\t\t\t<div class=\"e-con-inner\">\n\t\t\t\t<div class=\"elementor-element elementor-element-4b4da00 elementor-widget elementor-widget-image\" data-id=\"4b4da00\" data-element_type=\"widget\" data-widget_type=\"image.default\">\n\t\t\t\t<div class=\"elementor-widget-container\">\n\t\t\t\t\t\t\t\t\t\t\t\t\t\t\t<img decoding=\"async\" width=\"700\" height=\"222\" src=\"https:\/\/lorenaoyarzun.cl\/wp-content\/uploads\/2025\/08\/Lorena-Oyarzun-Pineda_Mesa-de-trabajo-1.png\" class=\"attachment-large size-large wp-image-332\" alt=\"\" srcset=\"https:\/\/lorenaoyarzun.cl\/wp-content\/uploads\/2025\/08\/Lorena-Oyarzun-Pineda_Mesa-de-trabajo-1.png 888w, https:\/\/lorenaoyarzun.cl\/wp-content\/uploads\/2025\/08\/Lorena-Oyarzun-Pineda_Mesa-de-trabajo-1-200x64.png 200w, https:\/\/lorenaoyarzun.cl\/wp-content\/uploads\/2025\/08\/Lorena-Oyarzun-Pineda_Mesa-de-trabajo-1-420x133.png 420w, https:\/\/lorenaoyarzun.cl\/wp-content\/uploads\/2025\/08\/Lorena-Oyarzun-Pineda_Mesa-de-trabajo-1-780x248.png 780w\" sizes=\"(max-width: 700px) 100vw, 700px\" \/>\t\t\t\t\t\t\t\t\t\t\t\t\t\t\t<\/div>\n\t\t\t\t<\/div>\n\t\t\t\t\t<\/div>\n\t\t\t\t<\/div>\n\t\t<div class=\"elementor-element elementor-element-0628f4e e-flex e-con-boxed e-con e-parent\" data-id=\"0628f4e\" data-element_type=\"container\">\n\t\t\t\t\t<div class=\"e-con-inner\">\n\t\t<div class=\"elementor-element elementor-element-4994279 e-grid e-con-full e-con e-child\" data-id=\"4994279\" data-element_type=\"container\">\n\t\t\t\t<div class=\"elementor-element elementor-element-1aca9b5 elementor-widget elementor-widget-image\" data-id=\"1aca9b5\" data-element_type=\"widget\" data-widget_type=\"image.default\">\n\t\t\t\t<div class=\"elementor-widget-container\">\n\t\t\t\t\t\t\t\t\t\t\t\t\t\t\t<img decoding=\"async\" width=\"700\" height=\"700\" src=\"https:\/\/lorenaoyarzun.cl\/wp-content\/uploads\/2025\/08\/Marciano1_Marcianos-1-1024x1024.png\" class=\"attachment-large size-large wp-image-348\" alt=\"\" srcset=\"https:\/\/lorenaoyarzun.cl\/wp-content\/uploads\/2025\/08\/Marciano1_Marcianos-1-1024x1024.png 1024w, https:\/\/lorenaoyarzun.cl\/wp-content\/uploads\/2025\/08\/Marciano1_Marcianos-1-300x300.png 300w, https:\/\/lorenaoyarzun.cl\/wp-content\/uploads\/2025\/08\/Marciano1_Marcianos-1-150x150.png 150w, https:\/\/lorenaoyarzun.cl\/wp-content\/uploads\/2025\/08\/Marciano1_Marcianos-1-768x768.png 768w, https:\/\/lorenaoyarzun.cl\/wp-content\/uploads\/2025\/08\/Marciano1_Marcianos-1-200x200.png 200w\" sizes=\"(max-width: 700px) 100vw, 700px\" \/>\t\t\t\t\t\t\t\t\t\t\t\t\t\t\t<\/div>\n\t\t\t\t<\/div>\n\t\t\t\t<div class=\"elementor-element elementor-element-7b91f7f elementor-widget elementor-widget-image\" data-id=\"7b91f7f\" data-element_type=\"widget\" data-widget_type=\"image.default\">\n\t\t\t\t<div class=\"elementor-widget-container\">\n\t\t\t\t\t\t\t\t\t\t\t\t\t\t\t<img loading=\"lazy\" decoding=\"async\" width=\"700\" height=\"907\" src=\"https:\/\/lorenaoyarzun.cl\/wp-content\/uploads\/2025\/08\/Marciano2_Marcianos-copia-2.png\" class=\"attachment-large size-large wp-image-298\" alt=\"\" srcset=\"https:\/\/lorenaoyarzun.cl\/wp-content\/uploads\/2025\/08\/Marciano2_Marcianos-copia-2.png 720w, https:\/\/lorenaoyarzun.cl\/wp-content\/uploads\/2025\/08\/Marciano2_Marcianos-copia-2-200x259.png 200w, https:\/\/lorenaoyarzun.cl\/wp-content\/uploads\/2025\/08\/Marciano2_Marcianos-copia-2-420x544.png 420w\" sizes=\"(max-width: 700px) 100vw, 700px\" \/>\t\t\t\t\t\t\t\t\t\t\t\t\t\t\t<\/div>\n\t\t\t\t<\/div>\n\t\t\t\t<\/div>\n\t\t\t\t<div class=\"elementor-element elementor-element-4fe0c6b elementor-widget elementor-widget-image\" data-id=\"4fe0c6b\" data-element_type=\"widget\" data-widget_type=\"image.default\">\n\t\t\t\t<div class=\"elementor-widget-container\">\n\t\t\t\t\t\t\t\t\t\t\t\t\t\t\t<img loading=\"lazy\" decoding=\"async\" width=\"700\" height=\"606\" src=\"https:\/\/lorenaoyarzun.cl\/wp-content\/uploads\/2025\/08\/2trazo-01-1024x886.png\" class=\"attachment-large size-large wp-image-337\" alt=\"\" srcset=\"https:\/\/lorenaoyarzun.cl\/wp-content\/uploads\/2025\/08\/2trazo-01-1024x886.png 1024w, https:\/\/lorenaoyarzun.cl\/wp-content\/uploads\/2025\/08\/2trazo-01-200x172.png 200w\" sizes=\"(max-width: 700px) 100vw, 700px\" \/>\t\t\t\t\t\t\t\t\t\t\t\t\t\t\t<\/div>\n\t\t\t\t<\/div>\n\t\t\t\t\t<\/div>\n\t\t\t\t<\/div>\n\t\t<div class=\"elementor-element elementor-element-a4f04ac e-flex e-con-boxed e-con e-parent\" data-id=\"a4f04ac\" data-element_type=\"container\" id=\"\u00a1\">\n\t\t\t\t\t<div class=\"e-con-inner\">\n\t\t<div class=\"elementor-element elementor-element-fcb46a2 e-con-full e-flex e-con e-child\" data-id=\"fcb46a2\" data-element_type=\"container\">\n\t\t\t\t<div class=\"elementor-element elementor-element-ac3f133 elementor-widget elementor-widget-image\" data-id=\"ac3f133\" data-element_type=\"widget\" data-widget_type=\"image.default\">\n\t\t\t\t<div class=\"elementor-widget-container\">\n\t\t\t\t\t\t\t\t\t\t\t\t\t\t\t<img loading=\"lazy\" decoding=\"async\" width=\"700\" height=\"700\" src=\"https:\/\/lorenaoyarzun.cl\/wp-content\/uploads\/2025\/08\/trazo-01-1024x1024.png\" class=\"attachment-large size-large wp-image-338\" alt=\"\" srcset=\"https:\/\/lorenaoyarzun.cl\/wp-content\/uploads\/2025\/08\/trazo-01-1024x1024.png 1024w, https:\/\/lorenaoyarzun.cl\/wp-content\/uploads\/2025\/08\/trazo-01-300x300.png 300w, https:\/\/lorenaoyarzun.cl\/wp-content\/uploads\/2025\/08\/trazo-01-150x150.png 150w, https:\/\/lorenaoyarzun.cl\/wp-content\/uploads\/2025\/08\/trazo-01-768x768.png 768w, https:\/\/lorenaoyarzun.cl\/wp-content\/uploads\/2025\/08\/trazo-01-200x200.png 200w\" sizes=\"(max-width: 700px) 100vw, 700px\" \/>\t\t\t\t\t\t\t\t\t\t\t\t\t\t\t<\/div>\n\t\t\t\t<\/div>\n\t\t\t\t<\/div>\n\t\t<div class=\"elementor-element elementor-element-3fbc5a6 e-con-full e-flex e-con e-child\" data-id=\"3fbc5a6\" data-element_type=\"container\">\n\t\t\t\t<div class=\"elementor-element elementor-element-5155fe7 elementor-widget elementor-widget-image\" data-id=\"5155fe7\" data-element_type=\"widget\" data-widget_type=\"image.default\">\n\t\t\t\t<div class=\"elementor-widget-container\">\n\t\t\t\t\t\t\t\t\t\t\t\t\t\t\t<img loading=\"lazy\" decoding=\"async\" width=\"700\" height=\"606\" src=\"https:\/\/lorenaoyarzun.cl\/wp-content\/uploads\/2025\/08\/2trazo-01-1024x886.png\" class=\"attachment-large size-large wp-image-337\" alt=\"\" srcset=\"https:\/\/lorenaoyarzun.cl\/wp-content\/uploads\/2025\/08\/2trazo-01-1024x886.png 1024w, https:\/\/lorenaoyarzun.cl\/wp-content\/uploads\/2025\/08\/2trazo-01-200x172.png 200w\" sizes=\"(max-width: 700px) 100vw, 700px\" \/>\t\t\t\t\t\t\t\t\t\t\t\t\t\t\t<\/div>\n\t\t\t\t<\/div>\n\t\t\t\t<\/div>\n\t\t\t\t\t<\/div>\n\t\t\t\t<\/div>\n\t\t<div class=\"elementor-element elementor-element-46ae5ca e-flex e-con-boxed e-con e-parent\" data-id=\"46ae5ca\" data-element_type=\"container\" id=\"servicios\" data-settings=\"{&quot;background_background&quot;:&quot;classic&quot;}\">\n\t\t\t\t\t<div class=\"e-con-inner\">\n\t\t<div class=\"elementor-element elementor-element-caac932 e-con-full e-flex e-con e-child\" data-id=\"caac932\" data-element_type=\"container\">\n\t\t\t\t<\/div>\n\t\t<div class=\"elementor-element elementor-element-7d64a4d e-con-full e-flex e-con e-child\" data-id=\"7d64a4d\" data-element_type=\"container\">\n\t\t\t\t<\/div>\n\t\t<div class=\"elementor-element elementor-element-ab19238 e-con-full e-flex e-con e-child\" data-id=\"ab19238\" data-element_type=\"container\">\n\t\t\t\t<\/div>\n\t\t<div class=\"elementor-element elementor-element-c6786e6 e-con-full e-flex e-con e-child\" data-id=\"c6786e6\" data-element_type=\"container\">\n\t\t\t\t<\/div>\n\t\t\t\t\t<\/div>\n\t\t\t\t<\/div>\n\t\t<div class=\"elementor-element elementor-element-6a1796f e-flex e-con-boxed e-con e-parent\" data-id=\"6a1796f\" data-element_type=\"container\" id=\"proyectos\">\n\t\t\t\t\t<div class=\"e-con-inner\">\n\t\t<div class=\"elementor-element elementor-element-d451584 e-con-full e-flex e-con e-child\" data-id=\"d451584\" data-element_type=\"container\">\n\t\t\t\t<\/div>\n\t\t\t\t\t<\/div>\n\t\t\t\t<\/div>\n\t\t<div class=\"elementor-element elementor-element-ee406bf e-flex e-con-boxed e-con e-parent\" data-id=\"ee406bf\" data-element_type=\"container\">\n\t\t\t\t\t<div class=\"e-con-inner\">\n\t\t<div class=\"elementor-element elementor-element-8c5dad5 e-con-full e-flex e-con e-child\" data-id=\"8c5dad5\" data-element_type=\"container\">\n\t\t\t\t<div class=\"elementor-element elementor-element-38fadcb elementor-widget elementor-widget-testimonial\" data-id=\"38fadcb\" data-element_type=\"widget\" data-widget_type=\"testimonial.default\">\n\t\t\t\t<div class=\"elementor-widget-container\">\n\t\t\t\t\t\t\t<div class=\"elementor-testimonial-wrapper\">\n\t\t\t\t\t\t\t<div class=\"elementor-testimonial-content\">\u201cTrabajar con Lorena fue como traducir mis ideas en im\u00e1genes. Capt\u00f3 la esencia de mi marca desde el primer momento y me ayud\u00f3 a encontrar una identidad visual que realmente refleja lo que soy. Cercana, creativa y profundamente comprometida.\u201d<\/div>\n\t\t\t\n\t\t\t\t\t\t<div class=\"elementor-testimonial-meta elementor-has-image elementor-testimonial-image-position-aside\">\n\t\t\t\t<div class=\"elementor-testimonial-meta-inner\">\n\t\t\t\t\t\t\t\t\t\t\t<div class=\"elementor-testimonial-image\">\n\t\t\t\t\t\t\t<img loading=\"lazy\" decoding=\"async\" width=\"636\" height=\"462\" src=\"https:\/\/lorenaoyarzun.cl\/wp-content\/uploads\/2025\/05\/sdsd.png\" class=\"attachment-large size-large wp-image-129\" alt=\"\" srcset=\"https:\/\/lorenaoyarzun.cl\/wp-content\/uploads\/2025\/05\/sdsd.png 636w, https:\/\/lorenaoyarzun.cl\/wp-content\/uploads\/2025\/05\/sdsd-200x145.png 200w\" sizes=\"(max-width: 636px) 100vw, 636px\" \/>\t\t\t\t\t\t<\/div>\n\t\t\t\t\t\n\t\t\t\t\t\t\t\t\t\t<div class=\"elementor-testimonial-details\">\n\t\t\t\t\t\t\t\t\t\t\t\t\t\t<div class=\"elementor-testimonial-name\">Camila Ruiz<\/div>\n\t\t\t\t\t\t\t\t\t\t\t\t\t\t\t\t\t\t\t\t\t\t<div class=\"elementor-testimonial-job\">Fundadora de Tierra Ra\u00edz<\/div>\n\t\t\t\t\t\t\t\t\t\t\t\t\t<\/div>\n\t\t\t\t\t\t\t\t\t<\/div>\n\t\t\t<\/div>\n\t\t\t\t\t<\/div>\n\t\t\t\t\t\t<\/div>\n\t\t\t\t<\/div>\n\t\t\t\t<\/div>\n\t\t<div class=\"elementor-element elementor-element-0678779 e-con-full e-flex e-con e-child\" data-id=\"0678779\" data-element_type=\"container\">\n\t\t\t\t<\/div>\n\t\t\t\t\t<\/div>\n\t\t\t\t<\/div>\n\t\t<div class=\"elementor-element elementor-element-43b6b14 e-flex e-con-boxed e-con e-parent\" data-id=\"43b6b14\" data-element_type=\"container\" id=\"blog\">\n\t\t\t\t\t<div class=\"e-con-inner\">\n\t\t<div class=\"elementor-element elementor-element-4ea6c60 e-con-full e-flex e-con e-child\" data-id=\"4ea6c60\" data-element_type=\"container\">\n\t\t\t\t<\/div>\n\t\t\t\t\t<\/div>\n\t\t\t\t<\/div>\n\t\t<div class=\"elementor-element elementor-element-048d3a4 e-flex e-con-boxed e-con e-parent\" data-id=\"048d3a4\" data-element_type=\"container\">\n\t\t\t\t\t<div class=\"e-con-inner\">\n\t\t\t\t\t<\/div>\n\t\t\t\t<\/div>\n\t\t<div class=\"elementor-element elementor-element-7eda78b e-flex e-con-boxed e-con e-parent\" data-id=\"7eda78b\" data-element_type=\"container\">\n\t\t\t\t\t<div class=\"e-con-inner\">\n\t\t\t\t<div class=\"elementor-element elementor-element-1990276 elementor-view-default elementor-widget elementor-widget-icon\" data-id=\"1990276\" data-element_type=\"widget\" data-widget_type=\"icon.default\">\n\t\t\t\t<div class=\"elementor-widget-container\">\n\t\t\t\t\t\t\t<div class=\"elementor-icon-wrapper\">\n\t\t\t<div class=\"elementor-icon\">\n\t\t\t<i aria-hidden=\"true\" class=\"fab fa-instagram\"><\/i>\t\t\t<\/div>\n\t\t<\/div>\n\t\t\t\t\t\t<\/div>\n\t\t\t\t<\/div>\n\t\t\t\t\t<\/div>\n\t\t\t\t<\/div>\n\t\t\t\t<\/div>\n\t\t","protected":false},"excerpt":{"rendered":"<p>No se trata de grandes creaciones, ni de trazos impecables: mis dibujos son trazos torpes, manchas, colores fuera de lugar&#8230;\u00a0 un refugio en lo mal hecho. \u201cTrabajar con Lorena fue como traducir mis ideas en im\u00e1genes. Capt\u00f3 la esencia de mi marca desde el primer momento y me ayud\u00f3 a encontrar una identidad visual que&#46;&#46;&#46;<\/p>\n","protected":false},"author":1,"featured_media":0,"parent":0,"menu_order":0,"comment_status":"closed","ping_status":"closed","template":"","meta":{"footnotes":""},"class_list":["post-96","page","type-page","status-publish","hentry"],"_links":{"self":[{"href":"https:\/\/lorenaoyarzun.cl\/index.php\/wp-json\/wp\/v2\/pages\/96","targetHints":{"allow":["GET"]}}],"collection":[{"href":"https:\/\/lorenaoyarzun.cl\/index.php\/wp-json\/wp\/v2\/pages"}],"about":[{"href":"https:\/\/lorenaoyarzun.cl\/index.php\/wp-json\/wp\/v2\/types\/page"}],"author":[{"embeddable":true,"href":"https:\/\/lorenaoyarzun.cl\/index.php\/wp-json\/wp\/v2\/users\/1"}],"replies":[{"embeddable":true,"href":"https:\/\/lorenaoyarzun.cl\/index.php\/wp-json\/wp\/v2\/comments?post=96"}],"version-history":[{"count":134,"href":"https:\/\/lorenaoyarzun.cl\/index.php\/wp-json\/wp\/v2\/pages\/96\/revisions"}],"predecessor-version":[{"id":351,"href":"https:\/\/lorenaoyarzun.cl\/index.php\/wp-json\/wp\/v2\/pages\/96\/revisions\/351"}],"wp:attachment":[{"href":"https:\/\/lorenaoyarzun.cl\/index.php\/wp-json\/wp\/v2\/media?parent=96"}],"curies":[{"name":"wp","href":"https:\/\/api.w.org\/{rel}","templated":true}]}}